{"id":3923,"date":"2024-03-29T13:04:33","date_gmt":"2024-03-29T12:04:33","guid":{"rendered":"https:\/\/career.bocasay.com\/?page_id=3923"},"modified":"2024-11-12T08:18:51","modified_gmt":"2024-11-12T07:18:51","slug":"mu-congesarrivee","status":"publish","type":"page","link":"https:\/\/career.bocasay.com\/en\/mu-congesarrivee\/","title":{"rendered":"Cong\u00e9s d\u00e8s l&rsquo;arriv\u00e9e"},"content":{"rendered":"","protected":true},"excerpt":{"rendered":"","protected":true},"author":1,"featured_media":0,"parent":0,"menu_order":0,"comment_status":"closed","ping_status":"closed","template":"elementor_header_footer","meta":{"_monsterinsights_skip_tracking":false,"_monsterinsights_sitenote_active":false,"_monsterinsights_sitenote_note":"","_monsterinsights_sitenote_category":0,"footnotes":""},"class_list":["post-3923","page","type-page","status-publish","post-password-required","hentry"],"aioseo_notices":[],"_links":{"self":[{"href":"https:\/\/career.bocasay.com\/en\/wp-json\/wp\/v2\/pages\/3923","targetHints":{"allow":["GET"]}}],"collection":[{"href":"https:\/\/career.bocasay.com\/en\/wp-json\/wp\/v2\/pages"}],"about":[{"href":"https:\/\/career.bocasay.com\/en\/wp-json\/wp\/v2\/types\/page"}],"author":[{"embeddable":true,"href":"https:\/\/career.bocasay.com\/en\/wp-json\/wp\/v2\/users\/1"}],"replies":[{"embeddable":true,"href":"https:\/\/career.bocasay.com\/en\/wp-json\/wp\/v2\/comments?post=3923"}],"version-history":[{"count":16,"href":"https:\/\/career.bocasay.com\/en\/wp-json\/wp\/v2\/pages\/3923\/revisions"}],"predecessor-version":[{"id":4605,"href":"https:\/\/career.bocasay.com\/en\/wp-json\/wp\/v2\/pages\/3923\/revisions\/4605"}],"wp:attachment":[{"href":"https:\/\/career.bocasay.com\/en\/wp-json\/wp\/v2\/media?parent=3923"}],"curies":[{"name":"wp","href":"https:\/\/api.w.org\/{rel}","templated":true}]}}