{"id":3,"date":"2023-02-28T12:20:43","date_gmt":"2023-02-28T11:20:43","guid":{"rendered":"https:\/\/career.bocasay.com\/?page_id=3"},"modified":"2023-04-25T12:40:54","modified_gmt":"2023-04-25T10:40:54","slug":"mentions-legales","status":"publish","type":"page","link":"https:\/\/career.bocasay.com\/en\/mentions-legales\/","title":{"rendered":"Legal notice"},"content":{"rendered":"<div data-elementor-type=\"wp-page\" data-elementor-id=\"3\" class=\"elementor elementor-3\">\n\t\t\t\t\t\t<section class=\"elementor-section elementor-top-section elementor-element elementor-element-e731ee4 elementor-section-boxed elementor-section-height-default elementor-section-height-default\" data-id=\"e731ee4\" data-element_type=\"section\" data-settings=\"{&quot;background_background&quot;:&quot;classic&quot;}\">\n\t\t\t\t\t\t\t<div class=\"elementor-background-overlay\"><\/div>\n\t\t\t\t\t\t\t<div class=\"elementor-container elementor-column-gap-no\">\n\t\t\t\t\t<div class=\"elementor-column elementor-col-50 elementor-top-column elementor-element elementor-element-57c76751\" data-id=\"57c76751\" data-element_type=\"column\">\n\t\t\t<div class=\"elementor-widget-wrap elementor-element-populated\">\n\t\t\t\t\t\t<div class=\"elementor-element elementor-element-62db3a6d elementor-widget elementor-widget-heading\" data-id=\"62db3a6d\" data-element_type=\"widget\" data-widget_type=\"heading.default\">\n\t\t\t\t<div class=\"elementor-widget-container\">\n\t\t\t<style>\/*! elementor - v3.19.0 - 28-02-2024 *\/\n.elementor-heading-title{padding:0;margin:0;line-height:1}.elementor-widget-heading .elementor-heading-title[class*=elementor-size-]>a{color:inherit;font-size:inherit;line-height:inherit}.elementor-widget-heading .elementor-heading-title.elementor-size-small{font-size:15px}.elementor-widget-heading .elementor-heading-title.elementor-size-medium{font-size:19px}.elementor-widget-heading .elementor-heading-title.elementor-size-large{font-size:29px}.elementor-widget-heading .elementor-heading-title.elementor-size-xl{font-size:39px}.elementor-widget-heading .elementor-heading-title.elementor-size-xxl{font-size:59px}<\/style><h2 class=\"elementor-heading-title elementor-size-default\">Legal notice<\/h2>\t\t<\/div>\n\t\t\t\t<\/div>\n\t\t\t\t<div class=\"elementor-element elementor-element-9cbc0dd elementor-widget elementor-widget-text-editor\" data-id=\"9cbc0dd\" data-element_type=\"widget\" data-widget_type=\"text-editor.default\">\n\t\t\t\t<div class=\"elementor-widget-container\">\n\t\t\t<style>\/*! elementor - v3.19.0 - 28-02-2024 *\/\n.elementor-widget-text-editor.elementor-drop-cap-view-stacked .elementor-drop-cap{background-color:#69727d;color:#fff}.elementor-widget-text-editor.elementor-drop-cap-view-framed .elementor-drop-cap{color:#69727d;border:3px solid;background-color:transparent}.elementor-widget-text-editor:not(.elementor-drop-cap-view-default) .elementor-drop-cap{margin-top:8px}.elementor-widget-text-editor:not(.elementor-drop-cap-view-default) .elementor-drop-cap-letter{width:1em;height:1em}.elementor-widget-text-editor .elementor-drop-cap{float:left;text-align:center;line-height:1;font-size:50px}.elementor-widget-text-editor .elementor-drop-cap-letter{display:inline-block}<\/style>\t\t\t\t\t\t\t\t\t\t<\/div>\n\t\t\t\t<\/div>\n\t\t\t\t\t<\/div>\n\t\t<\/div>\n\t\t\t\t<div class=\"elementor-column elementor-col-50 elementor-top-column elementor-element elementor-element-2960657b\" data-id=\"2960657b\" data-element_type=\"column\">\n\t\t\t<div class=\"elementor-widget-wrap elementor-element-populated\">\n\t\t\t\t\t\t<div class=\"elementor-element elementor-element-5f6549ec elementor-widget__width-initial elementor-absolute elementor-hidden-phone elementor-invisible elementor-widget elementor-widget-image\" data-id=\"5f6549ec\" data-element_type=\"widget\" data-settings=\"{&quot;_animation&quot;:&quot;fadeInRight&quot;,&quot;_animation_delay&quot;:900,&quot;_position&quot;:&quot;absolute&quot;}\" data-widget_type=\"image.default\">\n\t\t\t\t<div class=\"elementor-widget-container\">\n\t\t\t<style>\/*! elementor - v3.19.0 - 28-02-2024 *\/\n.elementor-widget-image{text-align:center}.elementor-widget-image a{display:inline-block}.elementor-widget-image a img[src$=\".svg\"]{width:48px}.elementor-widget-image img{vertical-align:middle;display:inline-block}<\/style>\t\t\t\t\t\t\t\t\t\t<img fetchpriority=\"high\" decoding=\"async\" width=\"4378\" height=\"2099\" src=\"https:\/\/career.bocasay.com\/wp-content\/uploads\/2023\/03\/shape-green.png\" class=\"attachment-full size-full wp-image-22\" alt=\"\" srcset=\"https:\/\/career.bocasay.com\/wp-content\/uploads\/2023\/03\/shape-green.png 4378w, https:\/\/career.bocasay.com\/wp-content\/uploads\/2023\/03\/shape-green-300x144.png 300w, https:\/\/career.bocasay.com\/wp-content\/uploads\/2023\/03\/shape-green-1024x491.png 1024w, https:\/\/career.bocasay.com\/wp-content\/uploads\/2023\/03\/shape-green-768x368.png 768w, https:\/\/career.bocasay.com\/wp-content\/uploads\/2023\/03\/shape-green-1536x736.png 1536w, https:\/\/career.bocasay.com\/wp-content\/uploads\/2023\/03\/shape-green-2048x982.png 2048w\" sizes=\"(max-width: 4378px) 100vw, 4378px\" \/>\t\t\t\t\t\t\t\t\t\t\t\t\t<\/div>\n\t\t\t\t<\/div>\n\t\t\t\t\t<\/div>\n\t\t<\/div>\n\t\t\t\t\t<\/div>\n\t\t<\/section>\n\t\t\t\t<section class=\"elementor-section elementor-top-section elementor-element elementor-element-630ed2fd elementor-section-boxed elementor-section-height-default elementor-section-height-default\" data-id=\"630ed2fd\" data-element_type=\"section\">\n\t\t\t\t\t\t<div class=\"elementor-container elementor-column-gap-default\">\n\t\t\t\t\t<div class=\"elementor-column elementor-col-100 elementor-top-column elementor-element elementor-element-6b657cb\" data-id=\"6b657cb\" data-element_type=\"column\">\n\t\t\t<div class=\"elementor-widget-wrap elementor-element-populated\">\n\t\t\t\t\t\t<div class=\"elementor-element elementor-element-3fd94ba1 elementor-widget elementor-widget-text-editor\" data-id=\"3fd94ba1\" data-element_type=\"widget\" data-widget_type=\"text-editor.default\">\n\t\t\t\t<div class=\"elementor-widget-container\">\n\t\t\t\t\t\t\t<!-- wp:heading -->\n<h2>About us<\/h2>\n<!-- \/wp:heading --><!-- wp:paragraph -->\n<p>The following website: <strong>career.bocasay.com<\/strong> is published by <strong>BOCASAY<\/strong>.<br \/><br \/><strong>Bocasay\u2019s headquarters<\/strong><br \/>8 Place du March\u00e9 \u2013 92200 NEUILLY SUR SEINE<\/p>\n<p><strong>SIRET (business registration number)<\/strong> : 750 521 684 000 50<br \/><strong>SAS (a limited liability company by shares)<\/strong> with a capital amounting to EUR 80 000<br \/><strong>Contact<\/strong> : contact@bocasay.com<br \/><strong>Tel<\/strong>. : 01 85 09 24 30<\/p>\n<p>Publication Manager : Julien Goumet<\/p>\n<p>\u00a0<\/p>\n<!-- \/wp:paragraph --><!-- wp:heading -->\n<h2>Hosting<\/h2>\n<!-- \/wp:heading --><!-- wp:paragraph -->\n<p><strong>Headquarters<\/strong> BP 438 75366 PARIS Cedex 08<br \/><strong>SAS (a limited liability company by shares)<\/strong> with a capital amounting to EUR 214 410,50<br \/><strong>RCS (business and company register)<\/strong> Paris B 433 115 904<\/p>\n<p>\u00a0<\/p>\n<!-- \/wp:paragraph --><!-- wp:heading -->\n<h2>Personal data<\/h2>\n<!-- \/wp:heading --><!-- wp:paragraph -->\n<p>Internet users have the right to access, modify, correct and delete data relating to them, at any given time. To exercise such right, please contact: contact@bocasay.com<\/p>\n<p>\u00a0<\/p>\n<!-- \/wp:paragraph --><!-- wp:heading -->\n<h2>Intellectual property<\/h2>\n<!-- \/wp:heading --><!-- wp:paragraph -->\n<p>The images - logos, photographs and drawings - appearing on this website are the property of BOCASAY, or its eligible assignees. Any reproduction of such items, even if partial, cannot take place without obtaining Bocasay\u2019s formal authorization.<\/p>\n<p>Any use of the content available on this website for commercial purposes is strictly prohibited, unless Bocasay grants its prior consent.<\/p>\n<!-- \/wp:paragraph -->\t\t\t\t\t\t<\/div>\n\t\t\t\t<\/div>\n\t\t\t\t\t<\/div>\n\t\t<\/div>\n\t\t\t\t\t<\/div>\n\t\t<\/section>\n\t\t\t\t<section class=\"elementor-section elementor-top-section elementor-element elementor-element-e888f55 elementor-section-boxed elementor-section-height-default elementor-section-height-default\" data-id=\"e888f55\" data-element_type=\"section\">\n\t\t\t\t\t\t<div class=\"elementor-container elementor-column-gap-default\">\n\t\t\t\t\t<div class=\"elementor-column elementor-col-100 elementor-top-column elementor-element elementor-element-d0cf13e\" data-id=\"d0cf13e\" data-element_type=\"column\">\n\t\t\t<div class=\"elementor-widget-wrap elementor-element-populated\">\n\t\t\t\t\t\t<div class=\"elementor-element elementor-element-ca17caa elementor-widget elementor-widget-spacer\" data-id=\"ca17caa\" data-element_type=\"widget\" data-widget_type=\"spacer.default\">\n\t\t\t\t<div class=\"elementor-widget-container\">\n\t\t\t<style>\/*! elementor - v3.19.0 - 28-02-2024 *\/\n.elementor-column .elementor-spacer-inner{height:var(--spacer-size)}.e-con{--container-widget-width:100%}.e-con-inner>.elementor-widget-spacer,.e-con>.elementor-widget-spacer{width:var(--container-widget-width,var(--spacer-size));--align-self:var(--container-widget-align-self,initial);--flex-shrink:0}.e-con-inner>.elementor-widget-spacer>.elementor-widget-container,.e-con>.elementor-widget-spacer>.elementor-widget-container{height:100%;width:100%}.e-con-inner>.elementor-widget-spacer>.elementor-widget-container>.elementor-spacer,.e-con>.elementor-widget-spacer>.elementor-widget-container>.elementor-spacer{height:100%}.e-con-inner>.elementor-widget-spacer>.elementor-widget-container>.elementor-spacer>.elementor-spacer-inner,.e-con>.elementor-widget-spacer>.elementor-widget-container>.elementor-spacer>.elementor-spacer-inner{height:var(--container-widget-height,var(--spacer-size))}.e-con-inner>.elementor-widget-spacer.elementor-widget-empty,.e-con>.elementor-widget-spacer.elementor-widget-empty{position:relative;min-height:22px;min-width:22px}.e-con-inner>.elementor-widget-spacer.elementor-widget-empty .elementor-widget-empty-icon,.e-con>.elementor-widget-spacer.elementor-widget-empty .elementor-widget-empty-icon{position:absolute;top:0;bottom:0;left:0;right:0;margin:auto;padding:0;width:22px;height:22px}<\/style>\t\t<div class=\"elementor-spacer\">\n\t\t\t<div class=\"elementor-spacer-inner\"><\/div>\n\t\t<\/div>\n\t\t\t\t<\/div>\n\t\t\t\t<\/div>\n\t\t\t\t\t<\/div>\n\t\t<\/div>\n\t\t\t\t\t<\/div>\n\t\t<\/section>\n\t\t\t\t<\/div>","protected":false},"excerpt":{"rendered":"<p>Mentions l\u00e9gales Qui sommes-nous\u00a0? Le site internet career.bocasay.com est \u00e9dit\u00e9 par la soci\u00e9t\u00e9 BOCASAY. Si\u00e8ge social de Bocasay8 Place du March\u00e9, 92200 Neuilly-sur-Seine SIRET : 750 521 684 000 50SAS au capital de 80 000 \u20acContact : contact@bocasay.comT\u00e9l. : 01 85 09 24 30 Responsable de la publication : Julien Goumet \u00a0 H\u00e9bergement du site [&hellip;]<\/p>","protected":false},"author":1,"featured_media":0,"parent":0,"menu_order":0,"comment_status":"closed","ping_status":"closed","template":"elementor_header_footer","meta":{"_monsterinsights_skip_tracking":false,"_monsterinsights_sitenote_active":false,"_monsterinsights_sitenote_note":"","_monsterinsights_sitenote_category":0,"footnotes":""},"class_list":["post-3","page","type-page","status-publish","hentry"],"aioseo_notices":[],"_links":{"self":[{"href":"https:\/\/career.bocasay.com\/en\/wp-json\/wp\/v2\/pages\/3","targetHints":{"allow":["GET"]}}],"collection":[{"href":"https:\/\/career.bocasay.com\/en\/wp-json\/wp\/v2\/pages"}],"about":[{"href":"https:\/\/career.bocasay.com\/en\/wp-json\/wp\/v2\/types\/page"}],"author":[{"embeddable":true,"href":"https:\/\/career.bocasay.com\/en\/wp-json\/wp\/v2\/users\/1"}],"replies":[{"embeddable":true,"href":"https:\/\/career.bocasay.com\/en\/wp-json\/wp\/v2\/comments?post=3"}],"version-history":[{"count":24,"href":"https:\/\/career.bocasay.com\/en\/wp-json\/wp\/v2\/pages\/3\/revisions"}],"predecessor-version":[{"id":2826,"href":"https:\/\/career.bocasay.com\/en\/wp-json\/wp\/v2\/pages\/3\/revisions\/2826"}],"wp:attachment":[{"href":"https:\/\/career.bocasay.com\/en\/wp-json\/wp\/v2\/media?parent=3"}],"curies":[{"name":"wp","href":"https:\/\/api.w.org\/{rel}","templated":true}]}}